{"id":4216,"date":"2025-12-17T11:22:16","date_gmt":"2025-12-17T09:22:16","guid":{"rendered":"https:\/\/anrogravitas.com\/?page_id=4216"},"modified":"2026-01-05T11:41:07","modified_gmt":"2026-01-05T09:41:07","slug":"palyazati-tajekoztatas","status":"publish","type":"page","link":"https:\/\/anrogravitas.com\/en\/palyazati-tajekoztatas\/","title":{"rendered":"Grant Information"},"content":{"rendered":"<div data-elementor-type=\"wp-page\" data-elementor-id=\"4216\" class=\"elementor elementor-4216\">\n\t\t\t\t<div class=\"elementor-element elementor-element-379bf240 e-flex e-con-boxed e-con e-parent\" data-id=\"379bf240\" data-element_type=\"container\" data-e-type=\"container\">\n\t\t\t\t\t<div class=\"e-con-inner\">\n\t\t\t\t<div class=\"elementor-element elementor-element-41ce4746 elementor-widget elementor-widget-text-editor\" data-id=\"41ce4746\" data-element_type=\"widget\" data-e-type=\"widget\" data-widget_type=\"text-editor.default\">\n\t\t\t\t<div class=\"elementor-widget-container\">\n\t\t\t\t\t\t\t\t\t<h2><span style=\"font-style: inherit; font-weight: inherit;\">Nyertes p\u00e1ly\u00e1zataink:<\/span><\/h2>\n<p><!-- \/wp:paragraph --><\/p>\n<p><!-- wp:heading --><\/p>\n<p><!-- \/wp:paragraph --><\/p>\n<p><!-- wp:heading --><\/p>\n<p><!-- \/wp:paragraph --><\/p>\n<p><!-- wp:heading --><\/p>\n<h3><span style=\"text-decoration: underline;\">1. \u00daj gener\u00e1ci\u00f3s munkaid\u0151nyilv\u00e1ntart\u00f3 \u00e9s munkav\u00e9delmi komplex szolg\u00e1ltat\u00e1s innov\u00e1ci\u00f3s fejleszt\u00e9se \u00e9s piacra t\u00f6rt\u00e9n\u0151 bevezet\u00e9se<\/span><\/h3>\n<p><!-- \/wp:heading --><\/p>\n<p><!-- wp:paragraph --><\/p>\n<ul>\n<li><b>Kedvezm\u00e9nyezett neve: <\/b>ANRO GRAVITAS Korl\u00e1tolt Felel\u0151ss\u00e9g\u0171 T\u00e1rsas\u00e1g<\/li>\n<li><span style=\"font-weight: bold;\">Projekt azonos\u00edt\u00f3ja: <\/span>DIMOP_PLUSZ-1.1.2\/A-24-2025-00054<\/li>\n<li><span style=\"font-weight: bold;\">A fejleszt\u00e9s t\u00e1rgya: <\/span>\u00daj gener\u00e1ci\u00f3s munkaid\u0151nyilv\u00e1ntart\u00f3 \u00e9s munkav\u00e9delmi komplex szolg\u00e1ltat\u00e1s innov\u00e1ci\u00f3s fejleszt\u00e9se \u00e9s piacra t\u00f6rt\u00e9n\u0151 bevezet\u00e9se<\/li>\n<li><span style=\"font-weight: bold;\">Szerz\u0151d\u00e9sben meg\u00edt\u00e9lt t\u00e1mogat\u00e1s \u00f6sszege (Ft): <\/span>28 513 233<\/li>\n<li><span style=\"font-weight: bold;\">Projekt tervezett befejez\u00e9se: <\/span>2027. 09. 30.<\/li>\n<li><span style=\"font-weight: bold;\">A projekt az Eur\u00f3pai Uni\u00f3 t\u00e1mogat\u00e1s\u00e1val, a magyar \u00e1llam t\u00e1rsfinansz\u00edroz\u00e1s\u00e1val val\u00f3sult meg.<\/span><\/li>\n<\/ul>\n<h4><b>Le\u00edr\u00e1s:<\/b><b><\/b><\/h4>\n<div>\n<p>A projekt keret\u00e9ben \u00faj gener\u00e1ci\u00f3s, komplex szolg\u00e1ltat\u00e1st ny\u00fajt\u00f3 munkaid\u0151nyilv\u00e1ntart\u00f3 \u00e9s munkav\u00e9delmi szoftvert fejleszt\u00fcnk, melynek piaci el\u0151nye abban \u00e9rhet\u0151 tetten, <br \/>hogy a munkaid\u0151nyilv\u00e1ntart\u00e1son t\u00fal kiterjed a munkahelyi biztons\u00e1gi \u00e9s eg\u00e9szs\u00e9gv\u00e9delmi ter\u00fcletek (munkav\u00e9delem) kezel\u00e9s\u00e9re is. Cs\u00f6kkenti a balesetekkel kapcsolatos k\u00f6lts\u00e9geket, n\u00f6veli a termel\u00e9kenys\u00e9get \u00e9s cs\u00f6kkenti v\u00e1llalatok adminisztr\u00e1ci\u00f3s k\u00f6lts\u00e9geit.<\/p>\n<p>Szolg\u00e1ltat\u00e1sunk c\u00e9lpiac\u00e1t azok, az energiaszektor, k\u0151olaj- \u00e9s f\u00f6ldg\u00e1zipar, logisztika, \u00e9pit\u0151ipar, feldolgoz\u00f3ipar ter\u00fclet\u00e9n tev\u00e9kenyked\u0151 v\u00e1llalatok jelentik, amelyek munkav\u00e1llal\u00f3i nap, mint nap \u201evesz\u00e9lyes\u201d ill. eg\u00e9szs\u00e9g\u00fcgyi kock\u00e1zatot jelent\u0151 k\u00f6rnyezetben v\u00e9gzik munk\u00e1jukat.<\/p>\n<p>C\u00e9lcsoportunkban megtal\u00e1lhat\u00f3 egyr\u00e9szt a nagyv\u00e1llalati c\u00e9lcsoport (enterprise), akik integr\u00e1lhat\u00f3, modern telemetriai adatokkal kieg\u00e9sz\u00edtett munkav\u00e9delemi \u00e9s munkaid\u0151nyilv\u00e1ntart\u00e1si rendszereket keresnek a megl\u00e9v\u0151 ERP \u00e9s HR rendszereikhez. De idesorolhat\u00f3ak a saj\u00e1t v\u00e1llalati felh\u0151s vagy adatk\u00f6zponti infrastrukt\u00far\u00e1val nem rendelkez\u0151 KKV-K is, akik biztons\u00e1gos, modern online el\u00e9rhet\u0151 szolg\u00e1ltat\u00e1st szeretn\u00e9nek ig\u00e9nybe venni a munkaid\u0151nyilv\u00e1ntart\u00e1shoz \u00e9s\/vagy munkav\u00e9delemhez.<\/p>\n<p>A fejleszt\u00e9s innovativit\u00e1sa abban rejlik, hogy a LPWAN h\u00e1l\u00f3zatokb\u00f3l (LORAWAN) gy\u0171jt\u00f6tt szenzoros adatok feldolgoz\u00e1s\u00e1hoz a mesters\u00e9ges intelligenci\u00e1t (predikt\u00edv analitika) haszn\u00e1juk fel, ami elemzi a szenzoros \u00e9s a v\u00e1llalati adatokat, ez\u00e1ltal azonos\u00edtja a potenci\u00e1lis kock\u00e1zatokat \u00e9s el\u0151re jelzi a lehets\u00e9ges vesz\u00e9lyeket a munkav\u00e9delem kock\u00e1zatkezel\u00e9s\u00e9hez (risk management). Projekt\u00fcnk keret\u00e9ben v\u00e9grehajtott innov\u00e1ci\u00f3s fejleszt\u00e9s eredm\u00e9ny\u00e9vel kapcsolatos piacra l\u00e9p\u00e9s \u00e9rdek\u00e9ben az eur\u00f3pai uni\u00f3s v\u00e9djegy megszerz\u00e9se is ezen elj\u00e1r\u00e1sra ir\u00e1nyul.<\/p>\n<p>A projekt keret\u00e9ben olyan \u00faj gener\u00e1ci\u00f3s, komplex szolg\u00e1ltat\u00e1st ny\u00fajt\u00f3 munkaid\u0151nyilv\u00e1ntart\u00f3 \u00e9s munkav\u00e9delmi szoftvert fejleszt\u00fcnk, amely pontos \u00e9s naprak\u00e9sz munkaid\u0151nyilv\u00e1ntart\u00e1st vezet \u00e9s gondoskodik a jogszab\u00e1lyi megfelel\u00e9sr\u0151l.<br \/>Rugalmas, t\u00e1mogatja a k\u00fcl\u00f6nb\u00f6z\u0151 munkav\u00e9gz\u00e9si helysz\u00edneket, munkarendeket \u00e9s munkaid\u0151-beoszt\u00e1sokat. Mobilalkalmaz\u00e1sok \u00e9s t\u00e1voli hozz\u00e1f\u00e9r\u00e9s biztos\u00edtj\u00e1k a rendszer haszn\u00e1lat\u00e1t b\u00e1rhonnan. A digit\u00e1lis al\u00e1\u00edr\u00e1s lehet\u0151v\u00e9 teszi a dokumentumok gyors \u00e9s egyszer\u0171 al\u00e1\u00edr\u00e1s\u00e1t. Felh\u0151 \u00e9s adatk\u00f6zpont alap\u00fa megold\u00e1sai technol\u00f3giai stabilit\u00e1st biztositanak. <br \/>AI Alap\u00fa Kock\u00e1zat\u00e9rt\u00e9kel\u00e9s teszi lehet\u0151v\u00e9 a vesz\u00e9lyek felm\u00e9r\u00e9s\u00e9t \u00e9s a megfelel\u0151 int\u00e9zked\u00e9sek meghozatal\u00e1t. Az AI algoritmusok, (g\u00e9pi tanul\u00e1s \u00e9s a predikt\u00edv analitika) elemzik a szenzoros \u00e9s v\u00e1llalati adatokat, azonositva a potenci\u00e1lis kock\u00e1zatokat \u00e9s jelezve a vesz\u00e9lyeket. Az LPWAN h\u00e1l\u00f3zatokb\u00f3l begy\u0171jt\u00f6tt adatok hat\u00e9kony incidenskezel\u00e9st biztos\u00edtanak, amely minimaliz\u00e1lja a balesetek hat\u00e1sait. <br \/>A LoRaWAN lehet\u0151v\u00e9 teszi a hossz\u00fa t\u00e1v\u00fa, alacsony energiafogyaszt\u00e1s\u00fa adat\u00e1tvitelt. A GPS adatokkal kieg\u00e9sz\u00edtett inform\u00e1ci\u00f3k pedig meghat\u00e1rozz\u00e1k a szenzorok \u00e9s munkav\u00e1llal\u00f3k helyzet\u00e9t\u00e9t \u00e9s st\u00e1tusz\u00e1t. Speci\u00e1lis modulokat tartalmaz a vesz\u00e9lyes anyagok nyilv\u00e1ntart\u00e1s\u00e1ra, t\u00e1rol\u00e1s\u00e1ra.<br \/>Audit- \u00e9s ellen\u0151rz\u00e9si modulok teszik lehet\u0151v\u00e9 a munkav\u00e9delmi auditokat. Az interakt\u00edv k\u00e9pz\u00e9si modulok pedig oktat\u00e1st biztos\u00edtanak. Emellett kezeli a munkav\u00e1llal\u00f3k eg\u00e9szs\u00e9gv\u00e9delmi fel\u00fcgyelet\u00e9t is.<\/p>\n<p>C\u00e9lpiacunkat f\u00f6ldrajzi kiterjed\u00e9s szerint egyr\u00e9szt a hazai gazdas\u00e1gi szerepl\u0151k jelentik, de a lokaliz\u00e1ci\u00f3s testreszab\u00e1snak \u00e9s az egys\u00e9ges EU-s szabv\u00e1nyoknak k\u00f6sz\u00f6nhet\u0151en az EU-n bel\u00fcli haszn\u00e1lat is k\u00f6nnyen megoldhat\u00f3. M\u00e1sr\u00e9szt term\u00e9k\u00fcnk ir\u00e1nt komoly \u00e9rdekl\u0151d\u00e9s mutatkozik Eur\u00f3p\u00e1n kiv\u00fcli ter\u00fcletekr\u0151l pl. K\u00f6zel-Kelet. Szolg\u00e1ltat\u00e1sunk a ritk\u00e1n lakott, infrastrukt\u00fara hi\u00e1nyos, sivatagos ter\u00fcleteken fell\u00e9p\u0151 ig\u00e9nyeket is kitudja el\u00e9giteni.<\/p>\n<p>A projekt r\u00e9szek\u00e9nt sor ker\u00fcl a Digit\u00e1lis \u00c1llampolg\u00e1rs\u00e1g eredm\u00e9nyeinek technol\u00f3giai tov\u00e1bbi felhaszn\u00e1l\u00e1s\u00e1ra. Ennek r\u00e9szek\u00e9nt a rendelkez\u00e9sre \u00e1ll\u00f3, digit\u00e1lis al\u00e1ir\u00e1sra, term\u00e9szetes szem\u00e9ly azonosit\u00e1s\u00e1ra \u00e9s term\u00e9szetes szem\u00e9lyr\u0151l hozz\u00e1j\u00e1rul\u00e1s alap\u00fa adatlek\u00e9rdez\u00e9sre vonatkoz\u00f3 technol\u00f3gi\u00e1k alkalmaz\u00e1s\u00e1ra.<\/p>\n<p>A projektet megval\u00f3sit\u00f3 AnroGravitas Kft. infokommunik\u00e1ci\u00f3s \u00e9s digitaliz\u00e1ci\u00f3s K+F+I tev\u00e9kenys\u00e9ggel foglalkoz\u00f3 mikrov\u00e1llalkoz\u00e1s. C\u00e9g\u00fcnk szoftver- \u00e9s hardverfejleszt\u00e9ssel foglalkozik szerte\u00e1gaz\u00f3 ter\u00fcleten. Munkav\u00e1llal\u00f3ink l\u00e9tsz\u00e1ma 12 f\u0151. C\u00e9g\u00fcnk a projekt megval\u00f3sit\u00e1s\u00e1hoz sz\u00fcks\u00e9ges szak\u00e9rtelemmel \u00e9s tapasztalattal rendelkezik: szoftverfejleszt\u0151k, informatikai fejleszt\u0151 m\u00e9rn\u00f6k, elektronikai m\u00e9rn\u00f6k, Devops m\u00e9rn\u00f6k, valamint elektrotechnikusok \u00e9s marketing szakembert is alkalmazunk.<\/p>\n<\/div>\n<p><!-- \/wp:paragraph --><\/p>\t\t\t\t\t\t\t\t<\/div>\n\t\t\t\t<\/div>\n\t\t\t\t\t<\/div>\n\t\t\t\t<\/div>\n\t\t\t\t<\/div>","protected":false},"excerpt":{"rendered":"<p>Nyertes p\u00e1ly\u00e1zataink: 1. \u00daj gener\u00e1ci\u00f3s munkaid\u0151nyilv\u00e1ntart\u00f3 \u00e9s munkav\u00e9delmi komplex szolg\u00e1ltat\u00e1s innov\u00e1ci\u00f3s fejleszt\u00e9se \u00e9s piacra t\u00f6rt\u00e9n\u0151 bevezet\u00e9se Kedvezm\u00e9nyezett neve: ANRO GRAVITAS [&hellip;]<\/p>\n","protected":false},"author":2,"featured_media":0,"parent":0,"menu_order":0,"comment_status":"closed","ping_status":"closed","template":"","meta":{"inline_featured_image":false,"site-sidebar-layout":"default","site-content-layout":"","ast-site-content-layout":"default","site-content-style":"default","site-sidebar-style":"default","ast-global-header-display":"","ast-banner-title-visibility":"","ast-main-header-display":"","ast-hfb-above-header-display":"","ast-hfb-below-header-display":"","ast-hfb-mobile-header-display":"","site-post-title":"","ast-breadcrumbs-content":"","ast-featured-img":"","footer-sml-layout":"","ast-disable-related-posts":"","theme-transparent-header-meta":"","adv-header-id-meta":"","stick-header-meta":"","header-above-stick-meta":"","header-main-stick-meta":"","header-below-stick-meta":"","astra-migrate-meta-layouts":"default","ast-page-background-enabled":"default","ast-page-background-meta":{"desktop":{"background-color":"","background-image":"","background-repeat":"repeat","background-position":"center center","background-size":"auto","background-attachment":"scroll","background-type":"","background-media":"","overlay-type":"","overlay-color":"","overlay-opacity":"","overlay-gradient":""},"tablet":{"background-color":"","background-image":"","background-repeat":"repeat","background-position":"center center","background-size":"auto","background-attachment":"scroll","background-type":"","background-media":"","overlay-type":"","overlay-color":"","overlay-opacity":"","overlay-gradient":""},"mobile":{"background-color":"","background-image":"","background-repeat":"repeat","background-position":"center center","background-size":"auto","background-attachment":"scroll","background-type":"","background-media":"","overlay-type":"","overlay-color":"","overlay-opacity":"","overlay-gradient":""}},"ast-content-background-meta":{"desktop":{"background-color":"var(--ast-global-color-5)","background-image":"","background-repeat":"repeat","background-position":"center center","background-size":"auto","background-attachment":"scroll","background-type":"","background-media":"","overlay-type":"","overlay-color":"","overlay-opacity":"","overlay-gradient":""},"tablet":{"background-color":"var(--ast-global-color-5)","background-image":"","background-repeat":"repeat","background-position":"center center","background-size":"auto","background-attachment":"scroll","background-type":"","background-media":"","overlay-type":"","overlay-color":"","overlay-opacity":"","overlay-gradient":""},"mobile":{"background-color":"var(--ast-global-color-5)","background-image":"","background-repeat":"repeat","background-position":"center center","background-size":"auto","background-attachment":"scroll","background-type":"","background-media":"","overlay-type":"","overlay-color":"","overlay-opacity":"","overlay-gradient":""}},"footnotes":""},"class_list":["post-4216","page","type-page","status-publish","hentry"],"aioseo_notices":[],"_links":{"self":[{"href":"https:\/\/anrogravitas.com\/en\/wp-json\/wp\/v2\/pages\/4216","targetHints":{"allow":["GET"]}}],"collection":[{"href":"https:\/\/anrogravitas.com\/en\/wp-json\/wp\/v2\/pages"}],"about":[{"href":"https:\/\/anrogravitas.com\/en\/wp-json\/wp\/v2\/types\/page"}],"author":[{"embeddable":true,"href":"https:\/\/anrogravitas.com\/en\/wp-json\/wp\/v2\/users\/2"}],"replies":[{"embeddable":true,"href":"https:\/\/anrogravitas.com\/en\/wp-json\/wp\/v2\/comments?post=4216"}],"version-history":[{"count":28,"href":"https:\/\/anrogravitas.com\/en\/wp-json\/wp\/v2\/pages\/4216\/revisions"}],"predecessor-version":[{"id":4253,"href":"https:\/\/anrogravitas.com\/en\/wp-json\/wp\/v2\/pages\/4216\/revisions\/4253"}],"wp:attachment":[{"href":"https:\/\/anrogravitas.com\/en\/wp-json\/wp\/v2\/media?parent=4216"}],"curies":[{"name":"wp","href":"https:\/\/api.w.org\/{rel}","templated":true}]}}