{"id":3349,"date":"2025-05-09T12:25:05","date_gmt":"2025-05-09T10:25:05","guid":{"rendered":"https:\/\/anrogravitas.com\/?page_id=3349"},"modified":"2026-01-13T11:23:44","modified_gmt":"2026-01-13T09:23:44","slug":"adatvedelmi-nyilatkozat","status":"publish","type":"page","link":"https:\/\/anrogravitas.com\/en\/adatvedelmi-nyilatkozat\/","title":{"rendered":"Privacy Notice"},"content":{"rendered":"<div data-elementor-type=\"wp-page\" data-elementor-id=\"3349\" class=\"elementor elementor-3349\">\n\t\t\t\t<div class=\"elementor-element elementor-element-f0958af e-flex e-con-boxed e-con e-parent\" data-id=\"f0958af\" data-element_type=\"container\" data-e-type=\"container\">\n\t\t\t\t\t<div class=\"e-con-inner\">\n\t\t\t\t<div class=\"elementor-element elementor-element-52aa908 elementor-widget elementor-widget-text-editor\" data-id=\"52aa908\" data-element_type=\"widget\" data-e-type=\"widget\" data-widget_type=\"text-editor.default\">\n\t\t\t\t<div class=\"elementor-widget-container\">\n\t\t\t\t\t\t\t\t\t<h2><span style=\"font-style: inherit; font-weight: inherit;\">1. Introduction<\/span><\/h2>\n<p>This privacy statement is about the protection of personal data collected and processed by the anrogravitas.com website (the \"Website\"). The operator is Anro Gravitas Kft (registered office: 6721 Szeged, Br\u00fcsszeli k\u00f6r\u00fat 32., company registration number: 0609020873, tax number: 24820479-2-06), further information can be found on the anrogravitas.com website.<\/p>\n<h2>2. Purpose and legal basis for processing<\/h2>\n<p>The Website processes personal data for the following purposes:<\/p>\n<ul>\n<li>Contact and communication<\/li>\n<li>Provision and development of services<\/li>\n<li>Marketing and newsletter (if the customer has given his\/her consent)<\/li>\n<li>Website usage analysis and development<\/li>\n<\/ul>\n<p>The legal basis for processing is the data subject's consent, performance of a contract, compliance with a legal obligation or the legitimate interest of the controller.<\/p>\n<h2>3. Scope of data processed<\/h2>\n<p>The Website processes the following personal data:<\/p>\n<ul>\n<li>Name<\/li>\n<li>E-mail address<\/li>\n<li>Phone number<\/li>\n<li>IP address<\/li>\n<li>Browsing data<\/li>\n<li>Other information provided when contacting us<\/li>\n<\/ul>\n<h2 style=\"font-style: normal; color: rgb(36, 42, 86);\">4. Data transmission and processing<\/h2><p>Anro Gravitas Ltd. does not transfer the data to third parties, unless this is required by law or based on the consent of the data subject.<\/p>\n<h2>5. Data security<\/h2>\n<p>Anro Gravitas Ltd uses appropriate technical and organisational measures to protect personal data in order to prevent unauthorised access, alteration, disclosure, transmission, disclosure, deletion or destruction.<\/p>\n<h2>6. Rights of data subjects<\/h2>\n<p>The persons concerned are entitled to:<\/p>\n<ul>\n<li>Request information about the processing of your personal data<\/li>\n<li>Request access to processed data<\/li>\n<li>Request the correction of incorrect data<\/li>\n<li>Request erasure or restriction of processing of your data<\/li>\n<li>Object to data processing<\/li>\n<li>Request portability of data<\/li>\n<\/ul>\n<h2>7. Contact<\/h2>\n<p>For data protection issues, you can contact us using the following contact details:<\/p>\n<ul>\n<li>E-mail: info@anrogravitas.com<\/li>\n<li>Phone: +36 30 870 3473<\/li>\n<li>Postal address: 6721 Szeged, Br\u00fcsszeli k\u00f6r\u00fat 32.<\/li>\n<\/ul>\t\t\t\t\t\t\t\t<\/div>\n\t\t\t\t<\/div>\n\t\t\t\t\t<\/div>\n\t\t\t\t<\/div>\n\t\t\t\t<\/div>","protected":false},"excerpt":{"rendered":"<p>1. Bevezet\u00e9s Ez az adatv\u00e9delmi nyilatkozat az anrogravitas.com weboldal (a tov\u00e1bbiakban: Weboldal) \u00e1ltal gy\u0171jt\u00f6tt \u00e9s kezelt szem\u00e9lyes adatok v\u00e9delm\u00e9r\u0151l sz\u00f3l. [&hellip;]<\/p>\n","protected":false},"author":3,"featured_media":0,"parent":0,"menu_order":0,"comment_status":"closed","ping_status":"closed","template":"","meta":{"inline_featured_image":false,"site-sidebar-layout":"no-sidebar","site-content-layout":"page-builder","ast-site-content-layout":"full-width-container","site-content-style":"default","site-sidebar-style":"default","ast-global-header-display":"","ast-banner-title-visibility":"","ast-main-header-display":"","ast-hfb-above-header-display":"","ast-hfb-below-header-display":"","ast-hfb-mobile-header-display":"","site-post-title":"disabled","ast-breadcrumbs-content":"","ast-featured-img":"disabled","footer-sml-layout":"","ast-disable-related-posts":"","theme-transparent-header-meta":"","adv-header-id-meta":"","stick-header-meta":"","header-above-stick-meta":"","header-main-stick-meta":"","header-below-stick-meta":"","astra-migrate-meta-layouts":"set","ast-page-background-enabled":"default","ast-page-background-meta":{"desktop":{"background-color":"","background-image":"","background-repeat":"repeat","background-position":"center center","background-size":"auto","background-attachment":"scroll","background-type":"","background-media":"","overlay-type":"","overlay-color":"","overlay-opacity":"","overlay-gradient":""},"tablet":{"background-color":"","background-image":"","background-repeat":"repeat","background-position":"center center","background-size":"auto","background-attachment":"scroll","background-type":"","background-media":"","overlay-type":"","overlay-color":"","overlay-opacity":"","overlay-gradient":""},"mobile":{"background-color":"","background-image":"","background-repeat":"repeat","background-position":"center center","background-size":"auto","background-attachment":"scroll","background-type":"","background-media":"","overlay-type":"","overlay-color":"","overlay-opacity":"","overlay-gradient":""}},"ast-content-background-meta":{"desktop":{"background-color":"var(--ast-global-color-5)","background-image":"","background-repeat":"repeat","background-position":"center center","background-size":"auto","background-attachment":"scroll","background-type":"","background-media":"","overlay-type":"","overlay-color":"","overlay-opacity":"","overlay-gradient":""},"tablet":{"background-color":"var(--ast-global-color-5)","background-image":"","background-repeat":"repeat","background-position":"center center","background-size":"auto","background-attachment":"scroll","background-type":"","background-media":"","overlay-type":"","overlay-color":"","overlay-opacity":"","overlay-gradient":""},"mobile":{"background-color":"var(--ast-global-color-5)","background-image":"","background-repeat":"repeat","background-position":"center center","background-size":"auto","background-attachment":"scroll","background-type":"","background-media":"","overlay-type":"","overlay-color":"","overlay-opacity":"","overlay-gradient":""}},"footnotes":""},"class_list":["post-3349","page","type-page","status-publish","hentry"],"aioseo_notices":[],"_links":{"self":[{"href":"https:\/\/anrogravitas.com\/en\/wp-json\/wp\/v2\/pages\/3349","targetHints":{"allow":["GET"]}}],"collection":[{"href":"https:\/\/anrogravitas.com\/en\/wp-json\/wp\/v2\/pages"}],"about":[{"href":"https:\/\/anrogravitas.com\/en\/wp-json\/wp\/v2\/types\/page"}],"author":[{"embeddable":true,"href":"https:\/\/anrogravitas.com\/en\/wp-json\/wp\/v2\/users\/3"}],"replies":[{"embeddable":true,"href":"https:\/\/anrogravitas.com\/en\/wp-json\/wp\/v2\/comments?post=3349"}],"version-history":[{"count":61,"href":"https:\/\/anrogravitas.com\/en\/wp-json\/wp\/v2\/pages\/3349\/revisions"}],"predecessor-version":[{"id":4256,"href":"https:\/\/anrogravitas.com\/en\/wp-json\/wp\/v2\/pages\/3349\/revisions\/4256"}],"wp:attachment":[{"href":"https:\/\/anrogravitas.com\/en\/wp-json\/wp\/v2\/media?parent=3349"}],"curies":[{"name":"wp","href":"https:\/\/api.w.org\/{rel}","templated":true}]}}